{"id":1985,"date":"2017-06-03T16:50:11","date_gmt":"2017-06-03T16:50:11","guid":{"rendered":"http:\/\/bravo-ev.de\/?page_id=1985"},"modified":"2017-06-03T16:50:11","modified_gmt":"2017-06-03T16:50:11","slug":"plattdeutsch-plattduetsch","status":"publish","type":"page","link":"https:\/\/bravo-ev.de\/?page_id=1985","title":{"rendered":"Plattdeutsch &#8211; Plattd\u00fctsch"},"content":{"rendered":"<p>Hier w\u00f6llt wi een l\u00fctt beeten kieken, watt dat so givt, dat de plattd\u00fctsche Sprook \u00fcnnerst\u00fctten kann. Dat ward uk mol anners tosommenbuut, aver ierstmol sammelt wi dat an d\u00fcsse Steel.<\/p>\n<p><iframe loading=\"lazy\" title=\"Ingo G\u00e4dechens - Rede im Deutschen Bundestag (238. Sitzung\/ 18. WP\" width=\"525\" height=\"295\" src=\"https:\/\/www.youtube.com\/embed\/fRhrk9sBWCQ?feature=oembed\" frameborder=\"0\" allow=\"accelerometer; autoplay; clipboard-write; encrypted-media; gyroscope; picture-in-picture; web-share\" referrerpolicy=\"strict-origin-when-cross-origin\" allowfullscreen><\/iframe><\/p>\n<p>&nbsp;<\/p>\n<p>&nbsp;<\/p>\n","protected":false},"excerpt":{"rendered":"<p>Hier w\u00f6llt wi een l\u00fctt beeten kieken, watt dat so givt, dat de plattd\u00fctsche Sprook \u00fcnnerst\u00fctten kann. Dat ward uk mol anners tosommenbuut, aver ierstmol sammelt wi dat an d\u00fcsse Steel. &nbsp; &nbsp;<\/p>\n","protected":false},"author":1,"featured_media":0,"parent":0,"menu_order":0,"comment_status":"closed","ping_status":"closed","template":"","meta":{"footnotes":""},"class_list":["post-1985","page","type-page","status-publish","hentry"],"_links":{"self":[{"href":"https:\/\/bravo-ev.de\/index.php?rest_route=\/wp\/v2\/pages\/1985","targetHints":{"allow":["GET"]}}],"collection":[{"href":"https:\/\/bravo-ev.de\/index.php?rest_route=\/wp\/v2\/pages"}],"about":[{"href":"https:\/\/bravo-ev.de\/index.php?rest_route=\/wp\/v2\/types\/page"}],"author":[{"embeddable":true,"href":"https:\/\/bravo-ev.de\/index.php?rest_route=\/wp\/v2\/users\/1"}],"replies":[{"embeddable":true,"href":"https:\/\/bravo-ev.de\/index.php?rest_route=%2Fwp%2Fv2%2Fcomments&post=1985"}],"version-history":[{"count":2,"href":"https:\/\/bravo-ev.de\/index.php?rest_route=\/wp\/v2\/pages\/1985\/revisions"}],"predecessor-version":[{"id":1988,"href":"https:\/\/bravo-ev.de\/index.php?rest_route=\/wp\/v2\/pages\/1985\/revisions\/1988"}],"wp:attachment":[{"href":"https:\/\/bravo-ev.de\/index.php?rest_route=%2Fwp%2Fv2%2Fmedia&parent=1985"}],"curies":[{"name":"wp","href":"https:\/\/api.w.org\/{rel}","templated":true}]}}