{"id":1938,"date":"2017-05-22T10:24:18","date_gmt":"2017-05-22T10:24:18","guid":{"rendered":"http:\/\/bravo-ev.de\/?page_id=1938"},"modified":"2018-02-05T19:01:47","modified_gmt":"2018-02-05T19:01:47","slug":"spenden","status":"publish","type":"page","link":"https:\/\/bravo-ev.de\/?page_id=1938","title":{"rendered":"Spenden!"},"content":{"rendered":"<h2><strong><span style=\"color: #ff0000;\">Direktspende<\/span><\/strong><\/h2>\n<p>Sie k\u00f6nnen direkt auf unser Konto spenden.<br \/>\nVerein zur F\u00f6rderung des<br \/>\nBrauchtums des Vogelschiessens in Oldenburg in Holstein e.V.<br \/>\nKurzform:<br \/>\n<strong>BraVo e.V.<\/strong><br \/>\n<strong> VR Bank Ostholstein Nord &#8211; Pl\u00f6n eG<\/strong><br \/>\n<strong>IBAN: DE05213900080000523798<\/strong><br \/>\n<strong> BIC: GENODEF1NSH<\/strong><\/p>\n<p>Soweit Sie hierf\u00fcr die Zusendung einer Spendenbescheinigung w\u00fcnschen, bitten wir Sie, uns Ihre Kontaktdaten \u00fcber das folgende Formular mitzuteilen.<\/p>\n<p><span style=\"color: #ff0000;\"><a style=\"color: #ff0000;\" href=\"https:\/\/bravo-ev.de\/wp-content\/uploads\/2018\/02\/2018-02-05-DO-Spendenmitteilung-Direktspende.pdf\">Direktspende Formular 2\/2018<br \/>\n<\/a><\/span><\/p>\n<hr \/>\n<h2><strong><span style=\"color: #00db45;\">Spenden per Bankeinzug<\/span><\/strong><\/h2>\n<p>Wir ben\u00f6tigen und freuen uns \u00fcber Spenden. Die Spenden sind steuerlich absetzbar. Sie erhalten eine entsprechende Spendenbescheinigung.<br \/>\nSie k\u00f6nnen einmalig spenden oder eine wiederholte Spende ank\u00fcndigen. Hierzu kann das Formular mit Lastschriftmandat verwendet werden:<\/p>\n<p><a href=\"https:\/\/bravo-ev.de\/wp-content\/uploads\/2017\/05\/2017-05-21-DO-Spendenformular-Lastschrift.pdf\" target=\"_blank\" rel=\"noopener noreferrer\"><span style=\"color: #00db45;\">Spendenformular-Lastschrift &#8211; 5\/2017<\/span><br \/>\n<\/a><\/p>\n<hr \/>\n<p>&nbsp;<\/p>\n","protected":false},"excerpt":{"rendered":"<p>Direktspende Sie k\u00f6nnen direkt auf unser Konto spenden. Verein zur F\u00f6rderung des Brauchtums des Vogelschiessens in Oldenburg in Holstein e.V. Kurzform: BraVo e.V. VR Bank Ostholstein Nord &#8211; Pl\u00f6n eG IBAN: DE05213900080000523798 BIC: GENODEF1NSH Soweit Sie hierf\u00fcr die Zusendung einer Spendenbescheinigung w\u00fcnschen, bitten wir Sie, uns Ihre Kontaktdaten \u00fcber das folgende Formular mitzuteilen. Direktspende Formular &hellip; <\/p>\n<p class=\"link-more\"><a href=\"https:\/\/bravo-ev.de\/?page_id=1938\" class=\"more-link\"><span class=\"screen-reader-text\">\u201eSpenden!\u201c <\/span>weiterlesen<\/a><\/p>\n","protected":false},"author":1,"featured_media":0,"parent":0,"menu_order":0,"comment_status":"closed","ping_status":"closed","template":"","meta":{"footnotes":""},"class_list":["post-1938","page","type-page","status-publish","hentry"],"_links":{"self":[{"href":"https:\/\/bravo-ev.de\/index.php?rest_route=\/wp\/v2\/pages\/1938","targetHints":{"allow":["GET"]}}],"collection":[{"href":"https:\/\/bravo-ev.de\/index.php?rest_route=\/wp\/v2\/pages"}],"about":[{"href":"https:\/\/bravo-ev.de\/index.php?rest_route=\/wp\/v2\/types\/page"}],"author":[{"embeddable":true,"href":"https:\/\/bravo-ev.de\/index.php?rest_route=\/wp\/v2\/users\/1"}],"replies":[{"embeddable":true,"href":"https:\/\/bravo-ev.de\/index.php?rest_route=%2Fwp%2Fv2%2Fcomments&post=1938"}],"version-history":[{"count":3,"href":"https:\/\/bravo-ev.de\/index.php?rest_route=\/wp\/v2\/pages\/1938\/revisions"}],"predecessor-version":[{"id":2133,"href":"https:\/\/bravo-ev.de\/index.php?rest_route=\/wp\/v2\/pages\/1938\/revisions\/2133"}],"wp:attachment":[{"href":"https:\/\/bravo-ev.de\/index.php?rest_route=%2Fwp%2Fv2%2Fmedia&parent=1938"}],"curies":[{"name":"wp","href":"https:\/\/api.w.org\/{rel}","templated":true}]}}