{"id":1830,"date":"2017-05-18T08:45:26","date_gmt":"2017-05-18T08:45:26","guid":{"rendered":"http:\/\/bravo-ev.de\/?page_id=1830"},"modified":"2017-05-18T14:20:16","modified_gmt":"2017-05-18T14:20:16","slug":"projekte","status":"publish","type":"page","link":"https:\/\/bravo-ev.de\/?page_id=1830","title":{"rendered":"Projekte"},"content":{"rendered":"\t<!-- wpshopmart team builder wrapper -->\r\n\t<div class=\"wpsm_team_2_b_row\" id=\"wpsm_team_2_b_row_1829\">\r\n\t\t<div class=\"wpsm_row\">  \r\n\t\t\t<style>\r\n\t\t\t#wpsm_team_2_b_row_1829 .wpsm_team_2_member_wrapper_inner h3{\r\n\t\t\t\tcolor:#ffffff !important;\r\n\t\t\t\tfont-size:26px !important;\r\n\t\t\t\tfont-family:Open Sans !important;\r\n\t\t\t}\r\n\t\t\t\r\n\t\t\t#wpsm_team_2_b_row_1829 .wpsm_team_2_b_desig{\r\n\t\t\t\tcolor:#ffffff !important;\r\n\t\t\t\tfont-size:20px !important;\r\n\t\t\t\tfont-family:Open Sans !important;\r\n\t\t\t}\r\n\t\t\t#wpsm_team_2_b_row_1829 .wpsm_team_2_b_desc{\r\n\t\t\t\tcolor:#ffffff !important;\r\n\t\t\t\tfont-size:16px !important;\r\n\t\t\t\tfont-family:Open Sans !important;\r\n\t\t\t}\r\n\t\t\t#wpsm_team_2_b_row_1829 .wpsm_team_2_social_div a i{\r\n\t\t\t\tcolor:#4f4f4f !important;\r\n\t\t\t\tborder-color:#4f4f4f !important;\r\n\t\t\t}\r\n\t\t\t#wpsm_team_2_b_row_1829 .wpsm_team_2_member_wrapper{\r\n\t\t\t\tbackground:#939393 !important;\r\n\t\t\t}\r\n\t\t\t\t\t\t<\/style>\r\n\t\t\t\t\t\t \r\n\t\t\t\t\t\r\n\t\t\t\t\t\r\n\t\t\t\t\t<div class=\"wpsm_col-md-4 wpsm_col-sm-6  wpsm-col-div\">\r\n\t\t\t\t\t\t<div class=\"wpsm_team_2_member_wrapper\">\r\n\t\t\t\t\t\t\t<img decoding=\"async\" class=\"img-responsive wpsm_team_2_mem_img\" src=\"http:\/\/bravo-ev.de\/wp-content\/uploads\/2017\/05\/Glas-quadratisch.jpg\" alt=\"Projekt 11 Kristallglass der Gilde\">\r\n\t\t\t\t\t\t\t<div class=\"wpsm_team_2_member_wrapper_inner\">\r\n\t\t\t\t\t\t\t\t<h3>\r\n\t\t\t\t\t\t\t\t\tProjekt 11 Kristallglass der Gilde\t\t\t\t\t\t\t\t<\/h3>\r\n\t\t\t\t\t\t\t\t<span class=\"wpsm_team_2_b_desig\"> Der Verein verkauft Kristallgl\u00e4ser mit geschliffenem Gildewappen in 2 Gr\u00f6\u00dfen. <\/span> \t\t\t\t\t\t\t\t<div class=\"wpsm_team_2_social_div\">\r\n\t\t\t\t\t\t\t\t\t\t\t\t\t\t\t\t\t\t\t\t\t\t\t\t\t\t\t\t\t\t\t\t\t\t\t\t\t\t\t\t\t\t\t\t<\/div>\r\n\t\t\t\t\t\t\t\t<p class=\"wpsm_team_2_b_desc\">  Vom Erl\u00f6s wird das Gildemuseum unterst\u00fctzt <\/p> \t\t\t\t\t\t\t\t\r\n\t\t\t\t\t\t\t<\/div>\r\n\t\t\t\t\t\t<\/div>\r\n\t\t\t\t\t<\/div>\r\n\t\t\t\t\t\r\n\t\t\t\t\t\t\t\t\t\t\t\t\t \r\n\t\t\t\t\t\r\n\t\t\t\t\t\r\n\t\t\t\t\t<div class=\"wpsm_col-md-4 wpsm_col-sm-6  wpsm-col-div\">\r\n\t\t\t\t\t\t<div class=\"wpsm_team_2_member_wrapper\">\r\n\t\t\t\t\t\t\t<img decoding=\"async\" class=\"img-responsive wpsm_team_2_mem_img\" src=\"http:\/\/bravo-ev.de\/wp-content\/uploads\/2017\/05\/Zeltnummer.jpg\" alt=\"Projekt 10 Nummern f\u00fcr die Gildezelte\">\r\n\t\t\t\t\t\t\t<div class=\"wpsm_team_2_member_wrapper_inner\">\r\n\t\t\t\t\t\t\t\t<h3>\r\n\t\t\t\t\t\t\t\t\tProjekt 10 Nummern f\u00fcr die Gildezelte\t\t\t\t\t\t\t\t<\/h3>\r\n\t\t\t\t\t\t\t\t<span class=\"wpsm_team_2_b_desig\"> Der Verein verkauft ausgefr\u00e4ste Zeltnummernschilder. <\/span> \t\t\t\t\t\t\t\t<div class=\"wpsm_team_2_social_div\">\r\n\t\t\t\t\t\t\t\t\t\t\t\t\t\t\t\t\t\t\t\t\t\t\t\t\t\t\t\t\t\t\t\t\t\t\t\t\t\t\t\t\t\t\t\t<\/div>\r\n\t\t\t\t\t\t\t\t<p class=\"wpsm_team_2_b_desc\"> Vom Erl\u00f6s wird das Gildemuseum unterst\u00fctzt <\/p> \t\t\t\t\t\t\t\t\r\n\t\t\t\t\t\t\t<\/div>\r\n\t\t\t\t\t\t<\/div>\r\n\t\t\t\t\t<\/div>\r\n\t\t\t\t\t\r\n\t\t\t\t\t\t\t\t\t\t\t\t\t \r\n\t\t\t\t\t\r\n\t\t\t\t\t\r\n\t\t\t\t\t<div class=\"wpsm_col-md-4 wpsm_col-sm-6  wpsm-col-div\">\r\n\t\t\t\t\t\t<div class=\"wpsm_team_2_member_wrapper\">\r\n\t\t\t\t\t\t\t<img decoding=\"async\" class=\"img-responsive wpsm_team_2_mem_img\" src=\"http:\/\/bravo-ev.de\/wp-content\/uploads\/2017\/05\/historisches-Bild-Kindervogelschie\u00dfen-b.jpg\" alt=\"Projekt 09 Fotoarchivierung I\">\r\n\t\t\t\t\t\t\t<div class=\"wpsm_team_2_member_wrapper_inner\">\r\n\t\t\t\t\t\t\t\t<h3>\r\n\t\t\t\t\t\t\t\t\tProjekt 09 Fotoarchivierung I\t\t\t\t\t\t\t\t<\/h3>\r\n\t\t\t\t\t\t\t\t<span class=\"wpsm_team_2_b_desig\"> Sammlung alter Privatfotos zum Kindervolgelschie\u00dfen <\/span> \t\t\t\t\t\t\t\t<div class=\"wpsm_team_2_social_div\">\r\n\t\t\t\t\t\t\t\t\t\t\t\t\t\t\t\t\t\t\t\t\t\t\t\t\t\t\t\t\t\t\t\t\t\t\t\t\t\t\t\t\t\t\t\t<\/div>\r\n\t\t\t\t\t\t\t\t<p class=\"wpsm_team_2_b_desc\"> Alte Fotos werden erfasst, zugeordnet und archiviert. Es werden Texte mit den Nennung der Personen, Ort und Jahr der Veranstaltung in einer Datenbank erg\u00e4nzt. <\/p> \t\t\t\t\t\t\t\t\r\n\t\t\t\t\t\t\t<\/div>\r\n\t\t\t\t\t\t<\/div>\r\n\t\t\t\t\t<\/div>\r\n\t\t\t\t\t\r\n\t\t\t\t\t\t\t\t\t\t\t<\/div>\r\n\t\t\t\t\t\t<div class=\"wpsm_row\">\r\n\t\t\t\t\t\t\t\t\t\t\t\t\t\t \r\n\t\t\t\t\t\r\n\t\t\t\t\t\r\n\t\t\t\t\t<div class=\"wpsm_col-md-4 wpsm_col-sm-6  wpsm-col-div\">\r\n\t\t\t\t\t\t<div class=\"wpsm_team_2_member_wrapper\">\r\n\t\t\t\t\t\t\t<img decoding=\"async\" class=\"img-responsive wpsm_team_2_mem_img\" src=\"http:\/\/bravo-ev.de\/wp-content\/uploads\/2017\/05\/Vogelrumpf-Projektbild.jpg\" alt=\"Projekt 08 Vogelrumpf ausstellen\">\r\n\t\t\t\t\t\t\t<div class=\"wpsm_team_2_member_wrapper_inner\">\r\n\t\t\t\t\t\t\t\t<h3>\r\n\t\t\t\t\t\t\t\t\tProjekt 08 Vogelrumpf ausstellen\t\t\t\t\t\t\t\t<\/h3>\r\n\t\t\t\t\t\t\t\t<span class=\"wpsm_team_2_b_desig\"> Der abgeschossene Vogelrumpf soll ausgestellt werden. <\/span> \t\t\t\t\t\t\t\t<div class=\"wpsm_team_2_social_div\">\r\n\t\t\t\t\t\t\t\t\t\t\t\t\t\t\t\t\t\t\t\t\t\t\t\t\t\t\t\t\t\t\t\t\t\t\t\t\t\t\t\t\t\t\t\t<\/div>\r\n\t\t\t\t\t\t\t\t<p class=\"wpsm_team_2_b_desc\"> Neben dem gro\u00dfen Vogel im Museum soll der Vogelrumpf aus dem Jubil\u00e4umsjahr 2017 im Gildemuseum als Vergleichsobjekt ausgestellt werden. <\/p> \t\t\t\t\t\t\t\t\r\n\t\t\t\t\t\t\t<\/div>\r\n\t\t\t\t\t\t<\/div>\r\n\t\t\t\t\t<\/div>\r\n\t\t\t\t\t\r\n\t\t\t\t\t\t\t\t\t\t\t\t\t \r\n\t\t\t\t\t\r\n\t\t\t\t\t\r\n\t\t\t\t\t<div class=\"wpsm_col-md-4 wpsm_col-sm-6  wpsm-col-div\">\r\n\t\t\t\t\t\t<div class=\"wpsm_team_2_member_wrapper\">\r\n\t\t\t\t\t\t\t<img decoding=\"async\" class=\"img-responsive wpsm_team_2_mem_img\" src=\"http:\/\/bravo-ev.de\/wp-content\/uploads\/2017\/05\/Video-digital-Projektbild.jpg\" alt=\"Projekt 07 Video-Digitalisierung\">\r\n\t\t\t\t\t\t\t<div class=\"wpsm_team_2_member_wrapper_inner\">\r\n\t\t\t\t\t\t\t\t<h3>\r\n\t\t\t\t\t\t\t\t\tProjekt 07 Video-Digitalisierung\t\t\t\t\t\t\t\t<\/h3>\r\n\t\t\t\t\t\t\t\t<span class=\"wpsm_team_2_b_desig\"> Digitalisierung der alten Videokassetten der Gilde <\/span> \t\t\t\t\t\t\t\t<div class=\"wpsm_team_2_social_div\">\r\n\t\t\t\t\t\t\t\t\t\t\t\t\t\t\t\t\t\t\t\t\t\t\t\t\t\t\t\t\t\t\t\t\t\t\t\t\t\t\t\t\t\t\t\t<\/div>\r\n\t\t\t\t\t\t\t\t<p class=\"wpsm_team_2_b_desc\"> Die Filme und Filmfragmente, die der Gilde als VHS-Videos vorliegen, sollen f\u00fcr das Museum difgitalisiert und archiviert werden. <\/p> \t\t\t\t\t\t\t\t\r\n\t\t\t\t\t\t\t<\/div>\r\n\t\t\t\t\t\t<\/div>\r\n\t\t\t\t\t<\/div>\r\n\t\t\t\t\t\r\n\t\t\t\t\t\t\t\t\t\t\t\t\t \r\n\t\t\t\t\t\r\n\t\t\t\t\t\r\n\t\t\t\t\t<div class=\"wpsm_col-md-4 wpsm_col-sm-6  wpsm-col-div\">\r\n\t\t\t\t\t\t<div class=\"wpsm_team_2_member_wrapper\">\r\n\t\t\t\t\t\t\t<img decoding=\"async\" class=\"img-responsive wpsm_team_2_mem_img\" src=\"http:\/\/bravo-ev.de\/wp-content\/uploads\/2017\/05\/Mitgliederwerbung-Wallfest.jpg\" alt=\"Projekt 06 Mitgliederwerbung 2017\">\r\n\t\t\t\t\t\t\t<div class=\"wpsm_team_2_member_wrapper_inner\">\r\n\t\t\t\t\t\t\t\t<h3>\r\n\t\t\t\t\t\t\t\t\tProjekt 06 Mitgliederwerbung 2017\t\t\t\t\t\t\t\t<\/h3>\r\n\t\t\t\t\t\t\t\t<span class=\"wpsm_team_2_b_desig\"> Wir informieren \u00fcber unsere Arbeit <\/span> \t\t\t\t\t\t\t\t<div class=\"wpsm_team_2_social_div\">\r\n\t\t\t\t\t\t\t\t\t\t\t\t\t\t\t\t\t\t\t\t\t\t\t\t\t\t\t\t\t\t\t\t\t\t\t\t\t\t\t\t\t\t\t\t<\/div>\r\n\t\t\t\t\t\t\t\t<p class=\"wpsm_team_2_b_desc\"> Es ist sch\u00f6n f\u00fcr die Kinder, die Gilde oder unsere Heimat Gutes zu tun. Mit einem kleinen Beitrag kann jeder dabei sein.  <\/p> \t\t\t\t\t\t\t\t\r\n\t\t\t\t\t\t\t<\/div>\r\n\t\t\t\t\t\t<\/div>\r\n\t\t\t\t\t<\/div>\r\n\t\t\t\t\t\r\n\t\t\t\t\t\t\t\t\t\t\t<\/div>\r\n\t\t\t\t\t\t<div class=\"wpsm_row\">\r\n\t\t\t\t\t\t\t\t\t\t\t\t\t\t \r\n\t\t\t\t\t\r\n\t\t\t\t\t\r\n\t\t\t\t\t<div class=\"wpsm_col-md-4 wpsm_col-sm-6  wpsm-col-div\">\r\n\t\t\t\t\t\t<div class=\"wpsm_team_2_member_wrapper\">\r\n\t\t\t\t\t\t\t<img decoding=\"async\" class=\"img-responsive wpsm_team_2_mem_img\" src=\"http:\/\/bravo-ev.de\/wp-content\/uploads\/2017\/05\/Video-Display-Bild1.jpg\" alt=\"Projekt 05 Medienraum\">\r\n\t\t\t\t\t\t\t<div class=\"wpsm_team_2_member_wrapper_inner\">\r\n\t\t\t\t\t\t\t\t<h3>\r\n\t\t\t\t\t\t\t\t\tProjekt 05 Medienraum\t\t\t\t\t\t\t\t<\/h3>\r\n\t\t\t\t\t\t\t\t<span class=\"wpsm_team_2_b_desig\"> Umbau des Gildeb\u00fcros zum Medienraum <\/span> \t\t\t\t\t\t\t\t<div class=\"wpsm_team_2_social_div\">\r\n\t\t\t\t\t\t\t\t\t\t\t\t\t\t\t\t\t\t\t\t\t\t\t\t\t\t\t\t\t\t\t\t\t\t\t\t\t\t\t\t\t\t\t\t<\/div>\r\n\t\t\t\t\t\t\t\t<p class=\"wpsm_team_2_b_desc\"> Es soll ein Medienraum gestaltet werden, unter anderem mit einem Display , auf dem Filme (besonders der Film zur 825 Jahrfeier)  im Museum gezeigt werden k\u00f6nnen. <\/p> \t\t\t\t\t\t\t\t\r\n\t\t\t\t\t\t\t<\/div>\r\n\t\t\t\t\t\t<\/div>\r\n\t\t\t\t\t<\/div>\r\n\t\t\t\t\t\r\n\t\t\t\t\t\t\t\t\t\t\t\t\t \r\n\t\t\t\t\t\r\n\t\t\t\t\t\r\n\t\t\t\t\t<div class=\"wpsm_col-md-4 wpsm_col-sm-6  wpsm-col-div\">\r\n\t\t\t\t\t\t<div class=\"wpsm_team_2_member_wrapper\">\r\n\t\t\t\t\t\t\t<img decoding=\"async\" class=\"img-responsive wpsm_team_2_mem_img\" src=\"http:\/\/bravo-ev.de\/wp-content\/uploads\/2017\/05\/2017-06-22-IT-FO-Projektbild-K\u00f6nigskutsche.jpg\" alt=\"Projekt 04 K\u00f6nigskutsche\">\r\n\t\t\t\t\t\t\t<div class=\"wpsm_team_2_member_wrapper_inner\">\r\n\t\t\t\t\t\t\t\t<h3>\r\n\t\t\t\t\t\t\t\t\tProjekt 04 K\u00f6nigskutsche\t\t\t\t\t\t\t\t<\/h3>\r\n\t\t\t\t\t\t\t\t<span class=\"wpsm_team_2_b_desig\"> Unterst\u00fctzung bei der Kutschfahrt zum Kindervogelschie\u00dfen <\/span> \t\t\t\t\t\t\t\t<div class=\"wpsm_team_2_social_div\">\r\n\t\t\t\t\t\t\t\t\t\t\t\t\t\t\t\t\t\t\t\t\t\t\t\t\t\t\t\t\t\t\t\t\t\t\t\t\t\t\t\t\t\t\t\t<\/div>\r\n\t\t\t\t\t\t\t\t<p class=\"wpsm_team_2_b_desc\"> Traditionell fahren die Klassenk\u00f6nige in einer Kutsche im Umzug des Kindervogelschie\u00dfens mit. Die Kosten f\u00fcr die Kutsche sind sehr hoch und werden 2017 vom Verein \u00fcbernommen. <\/p> \t\t\t\t\t\t\t\t\r\n\t\t\t\t\t\t\t<\/div>\r\n\t\t\t\t\t\t<\/div>\r\n\t\t\t\t\t<\/div>\r\n\t\t\t\t\t\r\n\t\t\t\t\t\t\t\t\t\t\t\t\t \r\n\t\t\t\t\t\r\n\t\t\t\t\t\r\n\t\t\t\t\t<div class=\"wpsm_col-md-4 wpsm_col-sm-6  wpsm-col-div\">\r\n\t\t\t\t\t\t<div class=\"wpsm_team_2_member_wrapper\">\r\n\t\t\t\t\t\t\t<img decoding=\"async\" class=\"img-responsive wpsm_team_2_mem_img\" src=\"http:\/\/bravo-ev.de\/wp-content\/uploads\/2017\/05\/K\u00f6nigsvogel.jpg\" alt=\"Projekt 03 K\u00f6nigskette\">\r\n\t\t\t\t\t\t\t<div class=\"wpsm_team_2_member_wrapper_inner\">\r\n\t\t\t\t\t\t\t\t<h3>\r\n\t\t\t\t\t\t\t\t\tProjekt 03 K\u00f6nigskette\t\t\t\t\t\t\t\t<\/h3>\r\n\t\t\t\t\t\t\t\t<span class=\"wpsm_team_2_b_desig\"> Dokumentation der K\u00f6nigskette <\/span> \t\t\t\t\t\t\t\t<div class=\"wpsm_team_2_social_div\">\r\n\t\t\t\t\t\t\t\t\t\t\t\t\t\t\t\t\t\t\t\t\t\t\t\t\t\t\t\t\t\t\t\t\t\t\t\t\t\t\t\t\t\t\t\t<\/div>\r\n\t\t\t\t\t\t\t\t<p class=\"wpsm_team_2_b_desc\"> Die K\u00f6nigskette und die alten Schilder, die im Museum ausgestellt sind, werden fotografiert, beschrieben und extern gesichert. <\/p> \t\t\t\t\t\t\t\t\r\n\t\t\t\t\t\t\t<\/div>\r\n\t\t\t\t\t\t<\/div>\r\n\t\t\t\t\t<\/div>\r\n\t\t\t\t\t\r\n\t\t\t\t\t\t\t\t\t\t\t<\/div>\r\n\t\t\t\t\t\t<div class=\"wpsm_row\">\r\n\t\t\t\t\t\t\t\t\t\t\t\t\t\t \r\n\t\t\t\t\t\r\n\t\t\t\t\t\r\n\t\t\t\t\t<div class=\"wpsm_col-md-4 wpsm_col-sm-6  wpsm-col-div\">\r\n\t\t\t\t\t\t<div class=\"wpsm_team_2_member_wrapper\">\r\n\t\t\t\t\t\t\t<img decoding=\"async\" class=\"img-responsive wpsm_team_2_mem_img\" src=\"http:\/\/bravo-ev.de\/wp-content\/uploads\/2017\/05\/2017-05-18-IN-Projektbild-Fotoaktion.jpg\" alt=\"Projekt 02 Jubil\u00e4umsfoto\">\r\n\t\t\t\t\t\t\t<div class=\"wpsm_team_2_member_wrapper_inner\">\r\n\t\t\t\t\t\t\t\t<h3>\r\n\t\t\t\t\t\t\t\t\tProjekt 02 Jubil\u00e4umsfoto\t\t\t\t\t\t\t\t<\/h3>\r\n\t\t\t\t\t\t\t\t<span class=\"wpsm_team_2_b_desig\"> Fotoaktion zum Gildejubil\u00e4um <\/span> \t\t\t\t\t\t\t\t<div class=\"wpsm_team_2_social_div\">\r\n\t\t\t\t\t\t\t\t\t\t\t\t\t\t\t\t\t\t\t\t\t\t\t\t\t\t\t\t\t\t\t\t\t\t\t\t\t\t\t\t\t\t\t\t<\/div>\r\n\t\t\t\t\t\t\t\t<p class=\"wpsm_team_2_b_desc\"> Unser Verein wird offizielle Fotos am Jubil\u00e4umstag der Gilde zur 825-Jahr-Feier anbieten. <\/p> \t\t\t\t\t\t\t\t\r\n\t\t\t\t\t\t\t<\/div>\r\n\t\t\t\t\t\t<\/div>\r\n\t\t\t\t\t<\/div>\r\n\t\t\t\t\t\r\n\t\t\t\t\t\t\t\t\t\t\t\t\t \r\n\t\t\t\t\t\r\n\t\t\t\t\t\r\n\t\t\t\t\t<div class=\"wpsm_col-md-4 wpsm_col-sm-6  wpsm-col-div\">\r\n\t\t\t\t\t\t<div class=\"wpsm_team_2_member_wrapper\">\r\n\t\t\t\t\t\t\t<img decoding=\"async\" class=\"img-responsive wpsm_team_2_mem_img\" src=\"http:\/\/bravo-ev.de\/wp-content\/uploads\/2017\/05\/2017-05-18-IN-Projektbild-Ger\u00e4terestaurieren.jpg\" alt=\"Projekt 01 Spielger\u00e4te\">\r\n\t\t\t\t\t\t\t<div class=\"wpsm_team_2_member_wrapper_inner\">\r\n\t\t\t\t\t\t\t\t<h3>\r\n\t\t\t\t\t\t\t\t\tProjekt 01 Spielger\u00e4te\t\t\t\t\t\t\t\t<\/h3>\r\n\t\t\t\t\t\t\t\t<span class=\"wpsm_team_2_b_desig\"> Restaurierung der Ger\u00e4te f\u00fcr das Kindervogelschie\u00dfen <\/span> \t\t\t\t\t\t\t\t<div class=\"wpsm_team_2_social_div\">\r\n\t\t\t\t\t\t\t\t\t\t\t\t\t\t\t\t\t\t\t\t\t\t\t\t\t\t\t\t\t\t\t\t\t\t\t\t\t\t\t\t\t\t\t\t<\/div>\r\n\t\t\t\t\t\t\t\t<p class=\"wpsm_team_2_b_desc\"> Die Ger\u00e4te f\u00fcr das Kindervogelschie\u00dfen sind in schlechtem Zustand. Wir werden sie neu streichen und die Unterbringung verbessern <\/p> \t\t\t\t\t\t\t\t\r\n\t\t\t\t\t\t\t<\/div>\r\n\t\t\t\t\t\t<\/div>\r\n\t\t\t\t\t<\/div>\r\n\t\t\t\t\t\r\n\t\t\t\t\t\t\t\t\t\t\t\t\r\n\t\t<\/div>\r\n\t<\/div>\r\n\r\n\t\n","protected":false},"excerpt":{"rendered":"","protected":false},"author":1,"featured_media":0,"parent":0,"menu_order":0,"comment_status":"closed","ping_status":"closed","template":"template-page-builder.php","meta":{"footnotes":""},"class_list":["post-1830","page","type-page","status-publish","hentry"],"_links":{"self":[{"href":"https:\/\/bravo-ev.de\/index.php?rest_route=\/wp\/v2\/pages\/1830","targetHints":{"allow":["GET"]}}],"collection":[{"href":"https:\/\/bravo-ev.de\/index.php?rest_route=\/wp\/v2\/pages"}],"about":[{"href":"https:\/\/bravo-ev.de\/index.php?rest_route=\/wp\/v2\/types\/page"}],"author":[{"embeddable":true,"href":"https:\/\/bravo-ev.de\/index.php?rest_route=\/wp\/v2\/users\/1"}],"replies":[{"embeddable":true,"href":"https:\/\/bravo-ev.de\/index.php?rest_route=%2Fwp%2Fv2%2Fcomments&post=1830"}],"version-history":[{"count":1,"href":"https:\/\/bravo-ev.de\/index.php?rest_route=\/wp\/v2\/pages\/1830\/revisions"}],"predecessor-version":[{"id":1832,"href":"https:\/\/bravo-ev.de\/index.php?rest_route=\/wp\/v2\/pages\/1830\/revisions\/1832"}],"wp:attachment":[{"href":"https:\/\/bravo-ev.de\/index.php?rest_route=%2Fwp%2Fv2%2Fmedia&parent=1830"}],"curies":[{"name":"wp","href":"https:\/\/api.w.org\/{rel}","templated":true}]}}