{"id":1785,"date":"2017-05-17T18:25:20","date_gmt":"2017-05-17T18:25:20","guid":{"rendered":"http:\/\/bravo-ev.de\/?page_id=1785"},"modified":"2024-06-07T10:19:32","modified_gmt":"2024-06-07T10:19:32","slug":"mitglied-werden-spenden","status":"publish","type":"page","link":"https:\/\/bravo-ev.de\/?page_id=1785","title":{"rendered":"Mitglied werden"},"content":{"rendered":"<h2><strong><span style=\"color: #3da1ff;\">Mitgliedschaft<\/span><\/strong><\/h2>\n<p>Jede\/r kann Mitglied werden.<br \/>\nDies gilt gem\u00e4\u00df \u00a7 7 unserer Satzung auch f\u00fcr Firmen, Vereine oder sonstige Organisationen:<\/p>\n<p><em>&#8222;Vereinsmitglieder k\u00f6nnen nat\u00fcrliche oder juristische Personen werden.&#8220;<\/em><\/p>\n<p><a href=\"https:\/\/bravo-ev.de\/wp-content\/uploads\/2024\/06\/2024-06-07-BraVo-Eintrittsformular.pdf\"><span style=\"color: #3da1ff;\">Eintrittsformular F\u00f6rderverein &#8211; 2024<\/span><\/a><\/p>\n","protected":false},"excerpt":{"rendered":"<p>Mitgliedschaft Jede\/r kann Mitglied werden. Dies gilt gem\u00e4\u00df \u00a7 7 unserer Satzung auch f\u00fcr Firmen, Vereine oder sonstige Organisationen: &#8222;Vereinsmitglieder k\u00f6nnen nat\u00fcrliche oder juristische Personen werden.&#8220; Eintrittsformular F\u00f6rderverein &#8211; 2024<\/p>\n","protected":false},"author":1,"featured_media":0,"parent":0,"menu_order":0,"comment_status":"closed","ping_status":"closed","template":"","meta":{"footnotes":""},"class_list":["post-1785","page","type-page","status-publish","hentry"],"_links":{"self":[{"href":"https:\/\/bravo-ev.de\/index.php?rest_route=\/wp\/v2\/pages\/1785","targetHints":{"allow":["GET"]}}],"collection":[{"href":"https:\/\/bravo-ev.de\/index.php?rest_route=\/wp\/v2\/pages"}],"about":[{"href":"https:\/\/bravo-ev.de\/index.php?rest_route=\/wp\/v2\/types\/page"}],"author":[{"embeddable":true,"href":"https:\/\/bravo-ev.de\/index.php?rest_route=\/wp\/v2\/users\/1"}],"replies":[{"embeddable":true,"href":"https:\/\/bravo-ev.de\/index.php?rest_route=%2Fwp%2Fv2%2Fcomments&post=1785"}],"version-history":[{"count":20,"href":"https:\/\/bravo-ev.de\/index.php?rest_route=\/wp\/v2\/pages\/1785\/revisions"}],"predecessor-version":[{"id":2288,"href":"https:\/\/bravo-ev.de\/index.php?rest_route=\/wp\/v2\/pages\/1785\/revisions\/2288"}],"wp:attachment":[{"href":"https:\/\/bravo-ev.de\/index.php?rest_route=%2Fwp%2Fv2%2Fmedia&parent=1785"}],"curies":[{"name":"wp","href":"https:\/\/api.w.org\/{rel}","templated":true}]}}