{"id":1745,"date":"2017-05-17T16:10:30","date_gmt":"2017-05-17T16:10:30","guid":{"rendered":"http:\/\/bravo-ev.de\/?page_id=1745"},"modified":"2023-09-06T18:06:11","modified_gmt":"2023-09-06T18:06:11","slug":"startseite","status":"publish","type":"page","link":"https:\/\/bravo-ev.de\/?page_id=1745","title":{"rendered":"Start"},"content":{"rendered":"<h1><strong>BraVo e.V.<\/strong><\/h1>\n<h1>Verein zur F\u00f6rderung<br \/>\ndes Brauchtums des Vogelschie\u00dfens in Oldenburg in Holstein e.V.<\/h1>\n<p>gemeinn\u00fctziger Verein<\/p>\n<p><strong>Einladung zur Mitgliederversammlung\u00a0<\/strong><\/p>\n<p>am 21. September 2023 um 19 Uhr im Restaurant &#8222;Zweizack&#8220; in Oldenburg in Holstein.<\/p>\n<p><img loading=\"lazy\" decoding=\"async\" class=\"alignnone size-medium wp-image-2261\" src=\"https:\/\/bravo-ev.de\/wp-content\/uploads\/2023\/09\/Einladung-BraVo_Bild-254x300.png\" alt=\"\" width=\"254\" height=\"300\" srcset=\"https:\/\/bravo-ev.de\/wp-content\/uploads\/2023\/09\/Einladung-BraVo_Bild-254x300.png 254w, https:\/\/bravo-ev.de\/wp-content\/uploads\/2023\/09\/Einladung-BraVo_Bild-866x1024.png 866w, https:\/\/bravo-ev.de\/wp-content\/uploads\/2023\/09\/Einladung-BraVo_Bild-768x908.png 768w, https:\/\/bravo-ev.de\/wp-content\/uploads\/2023\/09\/Einladung-BraVo_Bild.png 1204w\" sizes=\"auto, (max-width: 254px) 100vw, 254px\" \/><\/p>\n<p>Hier finden Sie die Einladung zum Download als pdf:<\/p>\n<p><a href=\"https:\/\/bravo-ev.de\/wp-content\/uploads\/2023\/09\/BraVo-Einladung-JHV-2023.pdf\">BraVo Einladung JHV 2023<\/a><\/p>\n<h3><strong>\u00a0<\/strong><span style=\"color: #000000;\">Wir f\u00f6rdern diese Bereiche:<\/span><\/h3>\n\t<!-- wpshopmart team builder design 1 wrapper -->\r\n\t<div class=\"wpsm_team_1_b_row\" id=\"wpsm_team_1_b_row_1820\">\r\n\t\t<div class=\"wpsm_row\">  \r\n\t\t\t<style>\r\n\t\t\t#wpsm_team_1_b_row_1820 .wpsm_team_1_member_wrapper_inner h3{\r\n\t\t\t\tcolor:#dd3333 !important;\r\n\t\t\t\tfont-size:24px !important;\r\n\t\t\t\t\t\t\t\t  font-family:'Open Sans';\r\n\t\t\t\t\t\t\t\t\r\n\t\t\t}\r\n\t\t\t#wpsm_team_1_b_row_1820 .wpsm_team_1_name_divider{\r\n\t\t\t\tbackground-color:#dd3333 !important;\r\n\t\t\t}\r\n\t\t\t#wpsm_team_1_b_row_1820 .wpsm_team_1_b_desig{\r\n\t\t\t\tcolor:#000000 !important;\r\n\t\t\t\tfont-size:18px !important;\r\n\t\t\t\t\t\t\t\t   font-family:'Open Sans';\r\n\t\t\t\t\t\t\t}\r\n\t\t\t#wpsm_team_1_b_row_1820 .wpsm_team_1_b_desc{\r\n\t\t\t\tcolor:#000000 !important;\r\n\t\t\t\tfont-size:14px !important;\r\n\t\t\t\t\t\t\t\t   font-family:'Open Sans';\r\n\t\t\t\t\t\t\t}\r\n\t\t\t#wpsm_team_1_b_row_1820  p{\r\n\t\t\t\tcolor:#000000 !important;\r\n\t\t\t\tfont-size:14px !important;\r\n\t\t\t    \t\t\t\t   font-family:'Open Sans';\r\n\t\t\t\t\t\t\t\t\r\n\t\t\t}\r\n\t\t\t\r\n\t\t\t#wpsm_team_1_b_row_1820 .wpsm_team_1_social_div a i{\r\n\t\t\t\tcolor:#4f4f4f !important;\r\n\t\t\t\tbackground:#e5e5e5 !important;\r\n\t\t\t}\r\n\t\t\t\t\t\t\r\n\t\t\t<\/style>\r\n\t\t\t\t\t\t \r\n\t\t\t\t\t<div class=\"wpsm_col-md-4 wpsm_col-sm-6 wpsm-col-div wpsm_single_team\">\r\n\t\t\t\t\t\t<div class=\"wpsm_team_1_member_wrapper\">\r\n\t\t\t\t\t\t\t<img decoding=\"async\" class=\"img-responsive wpsm_team_1_mem_img\" src=\"http:\/\/bravo-ev.de\/wp-content\/uploads\/2017\/05\/2017-05-18-IN-Header-Gigevogel-e1495136531828.jpg\" alt=\"Gildemuseum\">\r\n\t\t\t\t\t\t\t<div class=\"wpsm_team_1_member_wrapper_inner\">\r\n\t\t\t\t\t\t\t\t<h3>\r\n\t\t\t\t\t\t\t\t\tGildemuseum\t\t\t\t\t\t\t\t\t<div class=\"wpsm_team_1_name_divider\"><\/div>\r\n\t\t\t\t\t\t\t\t<\/h3>\r\n\t\t\t\t\t\t\t\t<span class=\"wpsm_team_1_b_desig\"> der St. Johannis Toten- und sch\u00fctzengilde v. 1192 e.V. <\/span> \t\t\t\t\t\t\t\t<p class=\"wpsm_team_1_b_desc\"> Betreuung und Entwicklung des Gildemuseums in Oldenburg in Holstein sowie Erwerb, Lagerung, Instandsetzung, Pflege und Verwaltung der f\u00fcr die Traditionspflege ben\u00f6tigten Utensilien zur Ausstellung im Museum und zur Anschauung lebendiger Tradition <\/p> \t\t\t\t\t\t\t\t<div class=\"wpsm_team_1_social_div\">\r\n\t\t\t\t\t\t\t\t\t\t\t\t\t\t\t\t\t\t\t\t\t\t\t\t\t\t\t\t\t\t\t\t\t\t\t\t\t\t\t\t\t\t\t\t<\/div>\r\n\t\t\t\t\t\t\t<\/div>\r\n\t\t\t\t\t\t<\/div>\r\n\t\t\t\t\t<\/div>\r\n\t\t\t\t\t\t\t\t\t\t\t\t\t \r\n\t\t\t\t\t<div class=\"wpsm_col-md-4 wpsm_col-sm-6 wpsm-col-div wpsm_single_team\">\r\n\t\t\t\t\t\t<div class=\"wpsm_team_1_member_wrapper\">\r\n\t\t\t\t\t\t\t<img decoding=\"async\" class=\"img-responsive wpsm_team_1_mem_img\" src=\"http:\/\/bravo-ev.de\/wp-content\/uploads\/2017\/05\/2017-05-18-IN-kleiner-K\u00f6nig.jpg\" alt=\"Kinder-vogelschie\u00dfen\">\r\n\t\t\t\t\t\t\t<div class=\"wpsm_team_1_member_wrapper_inner\">\r\n\t\t\t\t\t\t\t\t<h3>\r\n\t\t\t\t\t\t\t\t\tKinder-vogelschie\u00dfen\t\t\t\t\t\t\t\t\t<div class=\"wpsm_team_1_name_divider\"><\/div>\r\n\t\t\t\t\t\t\t\t<\/h3>\r\n\t\t\t\t\t\t\t\t<span class=\"wpsm_team_1_b_desig\"> der Oldenburger Grundschulen <\/span> \t\t\t\t\t\t\t\t<p class=\"wpsm_team_1_b_desc\"> Die Dokumentation und die Unterst\u00fctzung des Brauchtums des Kindervogelschie\u00dfens, der Geschichte sowie die heimatkundliche Erforschung Ihrer Aktivit\u00e4ten in Oldenburg in Holstein seit den ersten Aufzeichnungen. <\/p> \t\t\t\t\t\t\t\t<div class=\"wpsm_team_1_social_div\">\r\n\t\t\t\t\t\t\t\t\t\t\t\t\t\t\t\t\t\t\t\t\t\t\t\t\t\t\t\t\t\t\t\t\t\t\t\t\t\t\t\t\t\t\t\t<\/div>\r\n\t\t\t\t\t\t\t<\/div>\r\n\t\t\t\t\t\t<\/div>\r\n\t\t\t\t\t<\/div>\r\n\t\t\t\t\t\t\t\t\t\t\t\t\t \r\n\t\t\t\t\t<div class=\"wpsm_col-md-4 wpsm_col-sm-6 wpsm-col-div wpsm_single_team\">\r\n\t\t\t\t\t\t<div class=\"wpsm_team_1_member_wrapper\">\r\n\t\t\t\t\t\t\t<img decoding=\"async\" class=\"img-responsive wpsm_team_1_mem_img\" src=\"http:\/\/bravo-ev.de\/wp-content\/uploads\/2017\/05\/2017-05-18-IN-Plattdeutsch.jpg\" alt=\"plattdeutsche Sprache\">\r\n\t\t\t\t\t\t\t<div class=\"wpsm_team_1_member_wrapper_inner\">\r\n\t\t\t\t\t\t\t\t<h3>\r\n\t\t\t\t\t\t\t\t\tplattdeutsche Sprache\t\t\t\t\t\t\t\t\t<div class=\"wpsm_team_1_name_divider\"><\/div>\r\n\t\t\t\t\t\t\t\t<\/h3>\r\n\t\t\t\t\t\t\t\t<span class=\"wpsm_team_1_b_desig\"> unsere Heimatsprache <\/span> \t\t\t\t\t\t\t\t<p class=\"wpsm_team_1_b_desc\"> F\u00f6rderung der plattdeutschen Sprache durch Lehrg\u00e4nge und andere plattdeutsche Aktivit\u00e4ten. <\/p> \t\t\t\t\t\t\t\t<div class=\"wpsm_team_1_social_div\">\r\n\t\t\t\t\t\t\t\t\t\t\t\t\t\t\t\t\t\t\t\t\t\t\t\t\t\t\t\t\t\t\t\t\t\t\t\t\t\t\t\t\t\t\t\t<\/div>\r\n\t\t\t\t\t\t\t<\/div>\r\n\t\t\t\t\t\t<\/div>\r\n\t\t\t\t\t<\/div>\r\n\t\t\t\t\t\t\t\t\t\t\t<\/div>\r\n\t\t\t\t\t\t<div class=\"wpsm_row\">\r\n\t\t\t\t\t\t\t\t\t\t\t\t\t\r\n\t\t<\/div>\r\n\t<\/div>\n","protected":false},"excerpt":{"rendered":"<p>BraVo e.V. Verein zur F\u00f6rderung des Brauchtums des Vogelschie\u00dfens in Oldenburg in Holstein e.V. gemeinn\u00fctziger Verein Einladung zur Mitgliederversammlung\u00a0 am 21. September 2023 um 19 Uhr im Restaurant &#8222;Zweizack&#8220; in Oldenburg in Holstein. Hier finden Sie die Einladung zum Download als pdf: BraVo Einladung JHV 2023 \u00a0Wir f\u00f6rdern diese Bereiche:<\/p>\n","protected":false},"author":1,"featured_media":0,"parent":0,"menu_order":0,"comment_status":"closed","ping_status":"closed","template":"","meta":{"footnotes":""},"class_list":["post-1745","page","type-page","status-publish","hentry"],"_links":{"self":[{"href":"https:\/\/bravo-ev.de\/index.php?rest_route=\/wp\/v2\/pages\/1745","targetHints":{"allow":["GET"]}}],"collection":[{"href":"https:\/\/bravo-ev.de\/index.php?rest_route=\/wp\/v2\/pages"}],"about":[{"href":"https:\/\/bravo-ev.de\/index.php?rest_route=\/wp\/v2\/types\/page"}],"author":[{"embeddable":true,"href":"https:\/\/bravo-ev.de\/index.php?rest_route=\/wp\/v2\/users\/1"}],"replies":[{"embeddable":true,"href":"https:\/\/bravo-ev.de\/index.php?rest_route=%2Fwp%2Fv2%2Fcomments&post=1745"}],"version-history":[{"count":11,"href":"https:\/\/bravo-ev.de\/index.php?rest_route=\/wp\/v2\/pages\/1745\/revisions"}],"predecessor-version":[{"id":2262,"href":"https:\/\/bravo-ev.de\/index.php?rest_route=\/wp\/v2\/pages\/1745\/revisions\/2262"}],"wp:attachment":[{"href":"https:\/\/bravo-ev.de\/index.php?rest_route=%2Fwp%2Fv2%2Fmedia&parent=1745"}],"curies":[{"name":"wp","href":"https:\/\/api.w.org\/{rel}","templated":true}]}}